{"id":12725,"date":"2024-10-17T13:47:06","date_gmt":"2024-10-17T11:47:06","guid":{"rendered":"https:\/\/congresomasculinidades3.umh.es\/?page_id=12725"},"modified":"2024-12-09T16:35:10","modified_gmt":"2024-12-09T15:35:10","slug":"inscripcions","status":"publish","type":"page","link":"https:\/\/congresomasculinidades3.umh.es\/ca\/inscripcions\/","title":{"rendered":"INSCRIPCIONS"},"content":{"rendered":"<p>[et_pb_section fb_built=&#8221;1&#8243; _builder_version=&#8221;4.16&#8243; background_color=&#8221;#000000&#8243; custom_padding=&#8221;0px||0px|||&#8221; global_colors_info=&#8221;{}&#8221;][et_pb_row _builder_version=&#8221;4.16&#8243; global_colors_info=&#8221;{}&#8221;][et_pb_column type=&#8221;4_4&#8243; _builder_version=&#8221;4.16&#8243; global_colors_info=&#8221;{}&#8221;][et_pb_image src=&#8221;https:\/\/congresomasculinidades3.umh.es\/files\/2024\/09\/CABECERA-WEB-CIMASCIGUAL3.jpg&#8221; alt=&#8221;Segundo Congreso Internacional Sobre Masculinidades e Igualdad Educaci\u00f3n para la igualdad y Co(Educaci\u00f3n)&#8221; title_text=&#8221;CABECERA WEB CIMASCIGUAL3&#8243; url=&#8221;https:\/\/congresomasculinidades3.umh.es\/&#8221; _builder_version=&#8221;4.17.4&#8243; global_colors_info=&#8221;{}&#8221;][\/et_pb_image][\/et_pb_column][\/et_pb_row][\/et_pb_section][et_pb_section fb_built=&#8221;1&#8243; fullwidth=&#8221;on&#8221; _builder_version=&#8221;4.16&#8243; global_colors_info=&#8221;{}&#8221;][et_pb_fullwidth_menu menu_id=&#8221;7135&#8243; fullwidth_menu=&#8221;off&#8221; active_link_color=&#8221;#E76996&#8243; _builder_version=&#8221;4.16&#8243; menu_font=&#8221;|700||on|||||&#8221; menu_text_color=&#8221;#FFFFFF&#8221; menu_font_size=&#8221;14pt&#8221; background_color=&#8221;#3A3B3D&#8221; text_orientation=&#8221;center&#8221; border_color_all=&#8221;#E02B20&#8243; global_colors_info=&#8221;{}&#8221; border_width_all__hover_enabled=&#8221;off|hover&#8221; menu_text_color__hover_enabled=&#8221;on|hover&#8221; menu_text_color__hover=&#8221;#E76996&#8243;][\/et_pb_fullwidth_menu][\/et_pb_section][et_pb_section fb_built=&#8221;1&#8243; _builder_version=&#8221;4.16&#8243; global_colors_info=&#8221;{}&#8221;][et_pb_row _builder_version=&#8221;4.16&#8243; global_colors_info=&#8221;{}&#8221;][et_pb_column type=&#8221;4_4&#8243; _builder_version=&#8221;4.16&#8243; global_colors_info=&#8221;{}&#8221;][et_pb_text admin_label=&#8221;Texto&#8221; _builder_version=&#8221;4.17.4&#8243; global_colors_info=&#8221;{}&#8221;]<\/p>\n<h1 class=\"c9\" style=\"text-align: center;color: #324c20\"><span style=\"color: #000000\"><strong><span class=\"c6\">INSCRIPCIONS AL CONGR\u00c9S \u00a0<\/span><\/strong><\/span><\/h1>\n<h1 class=\"c9\" style=\"text-align: center;color: #324c20\"><span style=\"color: #000000\"><strong><span class=\"c6\">CIMASCIGUAL III<\/span><\/strong><\/span><\/h1>\n<p>&nbsp;[\/et_pb_text][et_pb_text _builder_version=&#8221;4.17.4&#8243; global_colors_info=&#8221;{}&#8221;]<\/p>\n<p>Passos per a la inscripci\u00f3:<\/p>\n<ul>\n<li>Emplene i envie el formulari d&#8217;inscripci\u00f3.<br \/>Emplene i envie el formulari de documentaci\u00f3 acreditativa. Haur\u00e0 de fer-ho amb una compte de Google. En este formulari haur\u00e0 d&#8217;adjuntar el document que acredite el seu col\u00b7lectiu per a la reducci\u00f3 del preu de la matr\u00edcula<\/li>\n<\/ul>\n<p>(\u00c9s molt important que les dades que facilite es corresponguen amb els que apareixen en la seua documentaci\u00f3 oficial de cara a l&#8217;expedici\u00f3 dels certificats oficials i el reconeixement de cr\u00e8dits)<\/p>\n<p>[\/et_pb_text][\/et_pb_column][\/et_pb_row][et_pb_row column_structure=&#8221;1_2,1_2&#8243; _builder_version=&#8221;4.17.4&#8243; _module_preset=&#8221;default&#8221; global_colors_info=&#8221;{}&#8221;][et_pb_column type=&#8221;1_2&#8243; _builder_version=&#8221;4.17.4&#8243; _module_preset=&#8221;default&#8221; global_colors_info=&#8221;{}&#8221;][et_pb_button button_url=&#8221;https:\/\/universite.umh.es\/fpogestion\/aspx\/Preinscripcion\/Preinscripcion.aspx&#8221; url_new_window=&#8221;on&#8221; button_text=&#8221;INSCRIPCI\u00d3&#8221; button_alignment=&#8221;center&#8221; admin_label=&#8221;INSCRIPCI\u00d3&#8221; _builder_version=&#8221;4.17.4&#8243; _module_preset=&#8221;default&#8221; global_colors_info=&#8221;{}&#8221;][\/et_pb_button][\/et_pb_column][et_pb_column type=&#8221;1_2&#8243; _builder_version=&#8221;4.17.4&#8243; _module_preset=&#8221;default&#8221; global_colors_info=&#8221;{}&#8221;][et_pb_button button_url=&#8221;https:\/\/docs.google.com\/forms\/d\/e\/1FAIpQLScWVdT-lzx3lA1Q1lpzHg4KJiM55VdErXoVxCsGcab_zNvQQQ\/viewform?usp=sf_link&#8221; url_new_window=&#8221;on&#8221; button_text=&#8221;ENVIE DOCUMENTACI\u00d3 JUSTIFICATIVA&#8221; button_alignment=&#8221;center&#8221; admin_label=&#8221;ENVIE DOCUMENTACI\u00d3 &#8221; _builder_version=&#8221;4.17.4&#8243; _module_preset=&#8221;default&#8221; global_colors_info=&#8221;{}&#8221;][\/et_pb_button][et_pb_text _builder_version=&#8221;4.17.4&#8243; _module_preset=&#8221;default&#8221; custom_margin=&#8221;-17px||||false|false&#8221; global_colors_info=&#8221;{}&#8221;]<\/p>\n<h6 style=\"text-align: center\"><em>necessari entrar amb compte de Google (o UMH)<\/em><\/h6>\n<p>[\/et_pb_text][\/et_pb_column][\/et_pb_row][et_pb_row _builder_version=&#8221;4.16&#8243; global_colors_info=&#8221;{}&#8221;][et_pb_column type=&#8221;4_4&#8243; _builder_version=&#8221;4.16&#8243; global_colors_info=&#8221;{}&#8221;][et_pb_text _builder_version=&#8221;4.17.4&#8243; global_colors_info=&#8221;{}&#8221;]<\/p>\n<h3><strong>(INDEPENDENTMENT DE LA MODALITAT QUE S\u2019HAJA TRIAT: PRESENCIAL O VIRTUAL)<\/strong><\/h3>\n<p>&nbsp;<\/p>\n<h2 class=\"c8 c24\"><strong><span class=\"c19\">PER A AQUELLES PERSONES QUE PRESENTEN COMUNICACI\u00d3 AL CONGR\u00c9S:<\/span><\/strong><\/h2>\n<p>[\/et_pb_text][et_pb_image src=&#8221;https:\/\/congresomasculinidades3.umh.es\/files\/2024\/12\/Inscripciones-CIMASCIGUAL-III-1.png&#8221; alt=&#8221;Tabla de precios para aquellas personas que no presentan comunicaci\u00f3n al congreso&#8221; title_text=&#8221;Inscripciones CIMASCIGUAL III (1)&#8221; admin_label=&#8221;Imagen&#8221; _builder_version=&#8221;4.17.4&#8243; hover_enabled=&#8221;0&#8243; locked=&#8221;off&#8221; global_colors_info=&#8221;{}&#8221; sticky_enabled=&#8221;0&#8243;][\/et_pb_image][et_pb_text _builder_version=&#8221;4.17.4&#8243; global_colors_info=&#8221;{}&#8221;]<span class=\"c1\">* En sol\u2022licitar la inscripci\u00f3, per favor adjunteu el vostre resguard de matr\u00edcula universit\u00e0ria en aquest curs acad\u00e8mic.<br \/>\n**\u00a0<\/span><span style=\"font-weight: 400\">Adjunteu documentaci\u00f3 que acredite la resid\u00e8ncia a un d\u2019aquests pa\u00efsos. Pa\u00efsos considerats amb PIB baix:<\/span><\/p>\n<ul class=\"c23 lst-kix_list_20-0 start\" style=\"margin-left: 25px\">\n<li class=\"c12 c22 li-bullet-0\"><span class=\"c1\">Pa\u00efsos d\u2019\u00c0frica.<\/span><\/li>\n<li class=\"c12 c22 li-bullet-0\"><span class=\"c1\">Pa\u00efsos de Llatinoam\u00e8rica.<\/span><\/li>\n<li class=\"c12 c22 li-bullet-0\"><span class=\"c1\">Pa\u00efsos d\u2019\u00c0sia: (amb les excepcions d\u2019Israel, Jap\u00f3, Corea del Sud, Taiwan, Ar\u00e0bia Saudita, Uni\u00f3 dels Emirats \u00c0rabs, Kuwait, Oman i Qatar)<\/span><\/li>\n<li class=\"c12 c22 li-bullet-0\"><span class=\"c1\">Els pa\u00efsos d\u2019Europa seg\u00fcents: Alb\u00e0nia, Bielor\u00fassia, B\u00f2snia i Hercegovina, Bulg\u00e0ria, Cro\u00e0cia, Xipre, Rep\u00fablica Txeca, Est\u00f2nia, Hongria, Isl\u00e0ndia, Let\u00f2nia, Litu\u00e0nia, Maced\u00f2nia, Malta, Mold\u00e0via, Montenegro, Pol\u00f2nia, Romania, R\u00fassia, S\u00e8rbia, Eslov\u00e0quia, Eslov\u00e8nia, Turquia i Ucra\u00efna.<\/span><\/li>\n<\/ul>\n<p>*** Adjunteu documentaci\u00f3 que ho acredite.<\/p>\n<p>&nbsp;<\/p>\n<p>&nbsp;<\/p>\n<h2 class=\"c8 c24\"><\/h2>\n<h2 class=\"c8 c24\"><strong><span class=\"c19\" style=\"color: #000000\">PER A AQUELLES PERSONES QUE NO PRESENTEN COMUNICACI\u00d3 AL CONGR\u00c9S:<\/span><\/strong><\/h2>\n<p>[\/et_pb_text][et_pb_image src=&#8221;https:\/\/congresomasculinidades3.umh.es\/files\/2024\/12\/Inscripciones-CIMASCIGUAL-III-2.png&#8221; alt=&#8221;Tabla de precios&#8221; title_text=&#8221;Inscripciones CIMASCIGUAL III (2)&#8221; admin_label=&#8221;Imagen&#8221; _builder_version=&#8221;4.17.4&#8243; hover_enabled=&#8221;0&#8243; global_colors_info=&#8221;{}&#8221; sticky_enabled=&#8221;0&#8243;][\/et_pb_image][et_pb_text _builder_version=&#8221;4.17.4&#8243; global_colors_info=&#8221;{}&#8221;]<\/p>\n<p class=\"c12\" style=\"text-align: justify\"><span class=\"c1\">* En sol\u2022licitar la inscripci\u00f3, per favor adjunteu el vostre resguard de matr\u00edcula universit\u00e0ria en aquest curs acad\u00e8mic.<br \/>\n**\u00a0<\/span><span style=\"font-weight: 400\">Adjunteu documentaci\u00f3 que acredite la resid\u00e8ncia a un d\u2019aquests pa\u00efsos. Pa\u00efsos considerats amb PIB baix:<\/span><\/p>\n<ul class=\"c23 lst-kix_list_20-0\" style=\"margin-left: 25px\">\n<li class=\"c12 c22 li-bullet-0\"><span class=\"c1\">Pa\u00efsos d\u2019\u00c0frica.<\/span><\/li>\n<li class=\"c12 c22 li-bullet-0\"><span class=\"c1\">Pa\u00efsos de Llatinoam\u00e8rica.<\/span><\/li>\n<li class=\"c12 c22 li-bullet-0\"><span class=\"c1\">Pa\u00efsos d\u2019\u00c0sia: (amb les excepcions d\u2019Israel, Jap\u00f3, Corea del Sud, Taiwan, Ar\u00e0bia Saudita, Uni\u00f3 dels Emirats \u00c0rabs, Kuwait, Oman i Qatar)<\/span><\/li>\n<li class=\"c12 c22 li-bullet-0\" style=\"text-align: justify\"><span class=\"c1\">Els pa\u00efsos d\u2019Europa seg\u00fcents: Alb\u00e0nia, Bielor\u00fassia, B\u00f2snia i Hercegovina, Bulg\u00e0ria, Cro\u00e0cia, Xipre, Rep\u00fablica Txeca, Est\u00f2nia, Hongria, Isl\u00e0ndia, Let\u00f2nia, Litu\u00e0nia, Maced\u00f2nia, Malta, Mold\u00e0via, Montenegro, Pol\u00f2nia, Romania, R\u00fassia, S\u00e8rbia, Eslov\u00e0quia, Eslov\u00e8nia, Turquia i Ucra\u00efna.\n<\/ul>\n<p>*** Adjunteu documentaci\u00f3 que ho acredite.<\/p>\n<p>&nbsp;[\/et_pb_text][\/et_pb_column][\/et_pb_row][\/et_pb_section]<\/p>\n","protected":false},"excerpt":{"rendered":"<p>INSCRIPCIONS AL CONGR\u00c9S \u00a0 CIMASCIGUAL III &nbsp;Passos per a la inscripci\u00f3: Emplene i envie el formulari d&#8217;inscripci\u00f3.Emplene i envie el formulari de documentaci\u00f3 acreditativa. Haur\u00e0 de fer-ho amb una compte de Google. En este formulari haur\u00e0 d&#8217;adjuntar el document que acredite el seu col\u00b7lectiu per a la reducci\u00f3 del preu de la matr\u00edcula (\u00c9s molt [&hellip;]<\/p>\n","protected":false},"author":3782,"featured_media":0,"parent":0,"menu_order":0,"comment_status":"closed","ping_status":"closed","template":"","meta":{"_et_pb_use_builder":"on","_et_pb_old_content":"<p>[et_pb_section fb_built=\"1\" _builder_version=\"4.2.2\" background_color=\"#000000\" custom_padding=\"0px||0px|||\" global_module=\"5968\" global_colors_info=\"{}\"][et_pb_row _builder_version=\"4.16\" global_colors_info=\"{}\"][et_pb_column type=\"4_4\" _builder_version=\"4.16\" global_colors_info=\"{}\"][et_pb_image src=\"https:\/\/congresomasculinidades3.umh.es\/files\/2024\/09\/CABECERA-WEB-CIMASCIGUAL3.jpg\" alt=\"Segundo Congreso Internacional Sobre Masculinidades e Igualdad Educaci\u00f3n para la igualdad y Co(Educaci\u00f3n)\" title_text=\"CABECERA WEB CIMASCIGUAL3\" url=\"https:\/\/congresomasculinidades2.umh.es\/\" _builder_version=\"4.17.4\" global_colors_info=\"{}\"][\/et_pb_image][\/et_pb_column][\/et_pb_row][\/et_pb_section][et_pb_section fb_built=\"1\" fullwidth=\"on\" _builder_version=\"4.16\" global_colors_info=\"{}\"][et_pb_fullwidth_menu menu_id=\"7135\" fullwidth_menu=\"off\" active_link_color=\"#E76996\" _builder_version=\"4.16\" menu_font=\"|700||on|||||\" menu_text_color=\"#FFFFFF\" menu_font_size=\"14pt\" background_color=\"#3A3B3D\" text_orientation=\"center\" border_color_all=\"#E02B20\" global_colors_info=\"{}\" border_width_all__hover_enabled=\"off|hover\" menu_text_color__hover_enabled=\"on|hover\" menu_text_color__hover=\"#E76996\"][\/et_pb_fullwidth_menu][\/et_pb_section][et_pb_section fb_built=\"1\" _builder_version=\"4.16\" global_colors_info=\"{}\"][et_pb_row _builder_version=\"4.16\" global_colors_info=\"{}\"][et_pb_column type=\"4_4\" _builder_version=\"4.16\" global_colors_info=\"{}\"][et_pb_text admin_label=\"Texto\" _builder_version=\"4.17.4\" hover_enabled=\"0\" global_colors_info=\"{}\" sticky_enabled=\"0\"]<\/p><h1 class=\"c9\" style=\"text-align: center; color: #324c20;\"><span style=\"color: #000000;\"><strong><span class=\"c6\">INSCRIPCIONES AL CONGRESO \u00a0<\/span><\/strong><\/span><\/h1><h1 class=\"c9\" style=\"text-align: center; color: #324c20;\"><span style=\"color: #000000;\"><strong><span class=\"c6\">CIMASCIGUAL III<\/span><\/strong><\/span><\/h1><p>\u00a0<\/p><p>[\/et_pb_text][et_pb_text _builder_version=\"4.17.4\" hover_enabled=\"0\" global_colors_info=\"{}\" sticky_enabled=\"0\"]<\/p><p>Pasos para la inscripci\u00f3n:<\/p><ul><li>Rellene y env\u00ede el\u00a0<strong>formulario de inscripci\u00f3n<\/strong>. Deber\u00e1 hacerlo con una cuenta de Google (o de la UMH). En este formulario deber\u00e1 adjuntar el documento que acredite su colectivo para la reducci\u00f3n del precio de la matr\u00edcula.<\/li><li>Acceda a la plataforma para el pago del recibo:\u00a0https:\/\/universite.umh.es\/recibos\/<\/li><\/ul><p>\u00a0<\/p><h4><span style=\"color: #0000ff;\"><span style=\"text-decoration: underline;\">ACCESO AL FORMULARIO DE INSCRIPCI\u00d3N<\/span>\u00a0<\/span><\/h4><h4><span style=\"text-decoration: underline;\"><span style=\"color: #0000ff;\">ACCESO A LA PLATAFORMA DEL PAGO DEL RECIBO<\/span><\/span><\/h4><p>[\/et_pb_text][et_pb_text _builder_version=\"4.16\" hover_enabled=\"0\" global_colors_info=\"{}\" sticky_enabled=\"0\"]<\/p><h3><strong>(INDEPENDIENTEMENTE DE LA MODALIDAD QUE SE ESCOJA: PRESENCIAL O VIRTUAL)<\/strong><\/h3><p>\u00a0<\/p><h2 class=\"c8 c24\"><strong><span class=\"c19\">PARA AQUELLAS PERSONAS QUE PRESENTAN COMUNICACI\u00d3N AL CONGRESO:<\/span><\/strong><\/h2><p>[\/et_pb_text][et_pb_image src=\"https:\/\/congresomasculinidades3.umh.es\/files\/2024\/09\/Inscripciones_CIMASCIGUALIII.png\" alt=\"Tabla de precios para aquellas personas que no presentan comunicaci\u00f3n al congreso\" admin_label=\"Imagen\" _builder_version=\"4.17.4\" hover_enabled=\"0\" locked=\"off\" global_colors_info=\"{}\" title_text=\"Inscripciones_Comunicaci\u00f3n_CIMASCIGUALIII\" sticky_enabled=\"0\"][\/et_pb_image][et_pb_text _builder_version=\"4.16\" global_colors_info=\"{}\"]<\/p><p><span class=\"c1\">* Al solicitar la inscripci\u00f3n, por favor adjunte su resguardo de matr\u00edcula universitaria en el presente curso acad\u00e9mico.<br \/>**\u00a0<\/span><span style=\"font-weight: 400;\">Adjuntar documentaci\u00f3n que acredite la residencia en uno de estos pa\u00edses. Pa\u00edses considerados con PIB bajo:<\/span><\/p><ul class=\"c23 lst-kix_list_20-0 start\" style=\"margin-left: 25px;\"><li class=\"c12 c22 li-bullet-0\"><span class=\"c1\">Pa\u00edses de \u00c1frica.<\/span><\/li><li class=\"c12 c22 li-bullet-0\"><span class=\"c1\">Pa\u00edses de Latinoam\u00e9rica.<\/span><\/li><li class=\"c12 c22 li-bullet-0\"><span class=\"c1\">Pa\u00edses de Asia: (con las excepciones de Israel, Jap\u00f3n, Corea del Sur, Taiw\u00e1n, Arabia Saudita, Emiratos \u00c1rabes Unidos, Kuwait, Om\u00e1n y Qatar)<\/span><\/li><li class=\"c12 c22 li-bullet-0\"><span class=\"c1\">Los siguientes pa\u00edses de Europa: Albania, Bielorrusia, Bosnia-Herzegovina, Bulgaria, Croacia, Chipre, Rep\u00fablica Checa, Estonia, Hungr\u00eda, Islandia, Letonia, Lituania, Macedonia, Malta, Moldavia, Montenegro, Polonia, Ruman\u00eda, Rusia, Serbia, Eslovaquia, Eslovenia, Turqu\u00eda y Ucrania.<\/span><\/li><\/ul><p>*** Adjuntar documentaci\u00f3n que lo acredite.<\/p><p>\u00a0<\/p><p>\u00a0<\/p><h2 class=\"c8 c24\">\u00a0<\/h2><h2 class=\"c8 c24\"><strong><span class=\"c19\" style=\"color: #000000;\">PARA AQUELLAS PERSONAS QUE NO PRESENTAN COMUNICACI\u00d3N AL CONGRESO:<\/span><\/strong><\/h2><p>[\/et_pb_text][et_pb_image src=\"https:\/\/congresomasculinidades3.umh.es\/files\/2024\/09\/Inscripciones_SIN-comunicacion_CIMASCIGUALIII.png\" alt=\"Tabla de precios\" admin_label=\"Imagen\" _builder_version=\"4.17.4\" hover_enabled=\"0\" global_colors_info=\"{}\" title_text=\"Inscripciones_SIN comunicacion_CIMASCIGUALIII\" sticky_enabled=\"0\"][\/et_pb_image][et_pb_text _builder_version=\"4.16\" global_colors_info=\"{}\"]<\/p><p class=\"c12\" style=\"text-align: justify;\"><span class=\"c1\">* Al solicitar la inscripci\u00f3n, por favor adjunte su resguardo de matr\u00edcula universitaria en el presente curso acad\u00e9mico.<br \/>**\u00a0<\/span><span style=\"font-weight: 400;\">Adjuntar documentaci\u00f3n que acredite la residencia en uno de estos pa\u00edses. Pa\u00edses considerados con PIB bajo:<\/span><\/p><ul class=\"c23 lst-kix_list_20-0\" style=\"margin-left: 25px;\"><li class=\"c12 c22 li-bullet-0\"><span class=\"c1\">Pa\u00edses de \u00c1frica.<\/span><\/li><li class=\"c12 c22 li-bullet-0\"><span class=\"c1\">Pa\u00edses de Latinoam\u00e9rica.<\/span><\/li><li class=\"c12 c22 li-bullet-0\"><span class=\"c1\">Pa\u00edses de Asia: (con las excepciones de Israel, Jap\u00f3n, Corea del Sur, Taiw\u00e1n, Arabia Saudita, Emiratos \u00c1rabes Unidos, Kuwait, Om\u00e1n y Qatar)<\/span><\/li><li class=\"c12 c22 li-bullet-0\" style=\"text-align: justify;\"><span class=\"c1\">Los siguientes pa\u00edses de Europa: Albania, Bielorrusia, Bosnia-Herzegovina, Bulgaria, Croacia, Chipre, Rep\u00fablica Checa, Estonia, Hungr\u00eda, Islandia, Letonia, Lituania, Macedonia, Malta, Moldavia, Montenegro, Polonia, Ruman\u00eda, Rusia, Serbia, Eslovaquia, Eslovenia, Turqu\u00eda y Ucrania.<br \/><\/span><\/li><\/ul><p>*** Adjuntar documentaci\u00f3n que lo acredite.<\/p><p>\u00a0<\/p><p>[\/et_pb_text][\/et_pb_column][\/et_pb_row][\/et_pb_section]<\/p>","_et_gb_content_width":"","_links_to":"","_links_to_target":""},"_links":{"self":[{"href":"https:\/\/congresomasculinidades3.umh.es\/ca\/wp-json\/wp\/v2\/pages\/12725"}],"collection":[{"href":"https:\/\/congresomasculinidades3.umh.es\/ca\/wp-json\/wp\/v2\/pages"}],"about":[{"href":"https:\/\/congresomasculinidades3.umh.es\/ca\/wp-json\/wp\/v2\/types\/page"}],"author":[{"embeddable":true,"href":"https:\/\/congresomasculinidades3.umh.es\/ca\/wp-json\/wp\/v2\/users\/3782"}],"replies":[{"embeddable":true,"href":"https:\/\/congresomasculinidades3.umh.es\/ca\/wp-json\/wp\/v2\/comments?post=12725"}],"version-history":[{"count":0,"href":"https:\/\/congresomasculinidades3.umh.es\/ca\/wp-json\/wp\/v2\/pages\/12725\/revisions"}],"wp:attachment":[{"href":"https:\/\/congresomasculinidades3.umh.es\/ca\/wp-json\/wp\/v2\/media?parent=12725"}],"curies":[{"name":"wp","href":"https:\/\/api.w.org\/{rel}","templated":true}]}}