{"id":12839,"date":"2024-10-23T15:29:41","date_gmt":"2024-10-23T13:29:41","guid":{"rendered":"https:\/\/congresomasculinidades3.umh.es\/?page_id=12839"},"modified":"2024-10-24T08:38:28","modified_gmt":"2024-10-24T06:38:28","slug":"english-participation","status":"publish","type":"page","link":"https:\/\/congresomasculinidades3.umh.es\/en\/english-participation\/","title":{"rendered":"PARTICIPATION"},"content":{"rendered":"<p>[et_pb_section fb_built=&#8221;1&#8243; _builder_version=&#8221;4.17.4&#8243; background_color=&#8221;#000000&#8243; custom_padding=&#8221;0px||0px|||&#8221; global_colors_info=&#8221;{}&#8221;][et_pb_row _builder_version=&#8221;4.16&#8243; global_colors_info=&#8221;{}&#8221;][et_pb_column type=&#8221;4_4&#8243; _builder_version=&#8221;4.16&#8243; global_colors_info=&#8221;{}&#8221;][et_pb_image src=&#8221;https:\/\/congresomasculinidades3.umh.es\/files\/2024\/09\/CABECERA-WEB-CIMASCIGUAL3.jpg&#8221; alt=&#8221;Segundo Congreso Internacional Sobre Masculinidades e Igualdad Educaci\u00f3n para la igualdad y Co(Educaci\u00f3n)&#8221; title_text=&#8221;CABECERA WEB CIMASCIGUAL3&#8243; url=&#8221;https:\/\/congresomasculinidades3.umh.es\/&#8221; _builder_version=&#8221;4.17.4&#8243; global_colors_info=&#8221;{}&#8221;][\/et_pb_image][\/et_pb_column][\/et_pb_row][\/et_pb_section][et_pb_section fb_built=&#8221;1&#8243; fullwidth=&#8221;on&#8221; _builder_version=&#8221;4.16&#8243; global_colors_info=&#8221;{}&#8221;][et_pb_fullwidth_menu menu_id=&#8221;7135&#8243; fullwidth_menu=&#8221;off&#8221; active_link_color=&#8221;#E76996&#8243; _builder_version=&#8221;4.16&#8243; menu_font=&#8221;|700||on|||||&#8221; menu_text_color=&#8221;#FFFFFF&#8221; menu_font_size=&#8221;14pt&#8221; background_color=&#8221;#3A3B3D&#8221; text_orientation=&#8221;center&#8221; border_color_all=&#8221;#E02B20&#8243; global_colors_info=&#8221;{}&#8221; border_width_all__hover_enabled=&#8221;off|hover&#8221; menu_text_color__hover_enabled=&#8221;on|hover&#8221; menu_text_color__hover=&#8221;#E76996&#8243;][\/et_pb_fullwidth_menu][\/et_pb_section][et_pb_section fb_built=&#8221;1&#8243; admin_label=&#8221;Secci\u00f3n&#8221; _builder_version=&#8221;4.16&#8243; collapsed=&#8221;off&#8221; global_colors_info=&#8221;{}&#8221;][et_pb_row _builder_version=&#8221;4.16&#8243; global_colors_info=&#8221;{}&#8221;][et_pb_column type=&#8221;4_4&#8243; _builder_version=&#8221;4.16&#8243; global_colors_info=&#8221;{}&#8221;][et_pb_text _builder_version=&#8221;4.17.4&#8243; global_colors_info=&#8221;{}&#8221;]<\/p>\n<h1 class=\"c7\" style=\"text-align: center;\"><strong><span class=\"c12\" style=\"color: #000000;\">PARTICIPATION <\/span><\/strong><\/h1>\n<p class=\"c7 c5\">[\/et_pb_text][et_pb_text _builder_version=&#8221;4.17.4&#8243; global_colors_info=&#8221;{}&#8221;]<\/p>\n<p><!--<\/p>\n\n\n\n\n<h2 class=\"c7\" style=\"text-align: center;\"><strong><span class=\"c4\" style=\"color: #000000;\">MODALIDADES DE PARTICIPACI\u00d3N<\/span><\/strong><\/h2>\n\n\n\n\n<p><span style=\"color: #000000;\">\u00a0<\/span><\/p>\n\n\n\n\n<p>&nbsp; --><br \/><strong>We offer several ways to participate in the Congress:<\/strong><\/p>\n<ol>\n<li style=\"list-style-type: none;\">\n<ol>\n<li>Personal participation with presentation of the communication<\/li>\n<li>Virtual with communication presentation<\/li>\n<li>On-site<\/li>\n<li>Virtual<\/li>\n<\/ol>\n<\/li>\n<\/ol>\n<p>&nbsp;<\/p>\n<p><strong>A.- PERSONAL ATTENDANCE (WITH COMMUNICATION PRESENTATION):<\/strong><\/p>\n<ul>\n<li>Access to the congress.<\/li>\n<li>Participation in the discussions.<\/li>\n<li>Access to the parallel activities of the scientific event.<\/li>\n<li>Access to materials.<\/li>\n<li>Access to the content of all the parallel activities in person, including the coffee breaks, the reception and the wine of honor, the dance, the cultural activities, the guided tours of Elche, etc.<\/li>\n<li>Diploma of attendance (24 hours) and recognition of ECTS credits.<\/li>\n<li>Diploma of presentation of the communication.<\/li>\n<li>Publication of the communication in the proceedings book with ISBN.<\/li>\n<\/ul>\n<p>&nbsp;<\/p>\n<p><strong>B.- ASISTENVIRTUAL PARTICIPATION (WITH PRESENTATION OF THE PAPER):<\/strong><\/p>\n<ul>\n<li>Live online access to the Congress: welcome speeches, conferences, round tables and scientific sessions.<\/li>\n<li>Participation in discussions through the Zoom channel chat.<\/li>\n<li>Attendance certificate (24 hours) and recognition of ECTS credits.<\/li>\n<li>Diploma of presentation of the communication.<\/li>\n<li>Publication of the communication in the proceedings book with ISBN.<\/li>\n<\/ul>\n<p>&nbsp;<\/p>\n<p><strong>C.- PERSONAL ATTENDANCE:<\/strong><\/p>\n<ul>\n<li>Access to the Congress.<\/li>\n<li>Participation in discussions.<\/li>\n<li>Access to parallel activities of the academic event.<\/li>\n<li>Access to materials.<\/li>\n<li>Personal access to the content of all the parallel activities, including the conversations during the coffee breaks, the reception and the wine of honor, the dance, the cultural activities, the guided tours of Elche, etc.<\/li>\n<li>Certificate of attendance (23 hours) and recognition of ECTS credits.<\/li>\n<\/ul>\n<p>&nbsp;<\/p>\n<p><strong>D.- VIRTUAL SUPPORT::<\/strong><\/p>\n<ul>\n<li>Live online access to the Congress: welcome speeches, conferences, round tables and scientific sessions.<\/li>\n<li>Participation in discussions through the Zoom channel chat.<\/li>\n<li>Certificate of attendance (23 hours) and recognition of ECTS credits.<\/li>\n<\/ul>\n<p>&nbsp;<\/p>\n<p><strong>Please note<\/strong><\/p>\n<p>In order to receive the attendance certificate, it is necessary to prove that you have attended at least 85% of the congress. Both on-site and virtual attendance will be verified.<\/p>\n<p>All authors must be registered for the Congress in order to receive the Diploma of Presentation.<\/p>\n<p>[\/et_pb_text][\/et_pb_column][\/et_pb_row][\/et_pb_section][et_pb_section fb_built=&#8221;1&#8243; disabled_on=&#8221;on|on|on&#8221; _builder_version=&#8221;4.17.4&#8243; _module_preset=&#8221;default&#8221; disabled=&#8221;on&#8221; global_colors_info=&#8221;{}&#8221;][et_pb_row _builder_version=&#8221;4.17.4&#8243; _module_preset=&#8221;default&#8221; global_colors_info=&#8221;{}&#8221;][et_pb_column type=&#8221;4_4&#8243; _builder_version=&#8221;4.17.4&#8243; _module_preset=&#8221;default&#8221; global_colors_info=&#8221;{}&#8221;][:en _i=&#8221;0&#8243; _address=&#8221;3.0.0.0&#8243; theme_builder_area=&#8221;post_content&#8221; \/][: _i=&#8221;1&#8243; _address=&#8221;3.0.0.1&#8243; theme_builder_area=&#8221;post_content&#8221; \/][\/et_pb_column][\/et_pb_row][\/et_pb_section]<\/p>\n","protected":false},"excerpt":{"rendered":"<p>PARTICIPATION We offer several ways to participate in the Congress: Personal participation with presentation of the communication Virtual with communication presentation On-site Virtual &nbsp; A.- PERSONAL ATTENDANCE (WITH COMMUNICATION PRESENTATION): Access to the congress. Participation in the discussions. Access to the parallel activities of the scientific event. Access to materials. Access to the content of [&hellip;]<\/p>\n","protected":false},"author":3782,"featured_media":0,"parent":0,"menu_order":0,"comment_status":"closed","ping_status":"closed","template":"","meta":{"_et_pb_use_builder":"on","_et_pb_old_content":"<p>[et_pb_section fb_built=\"1\" _builder_version=\"4.17.4\" background_color=\"#000000\" custom_padding=\"0px||0px|||\" global_module=\"5968\" global_colors_info=\"{}\"][et_pb_row _builder_version=\"4.16\" global_colors_info=\"{}\"][et_pb_column type=\"4_4\" _builder_version=\"4.16\" global_colors_info=\"{}\"][et_pb_image src=\"https:\/\/congresomasculinidades3.umh.es\/files\/2024\/09\/CABECERA-WEB-CIMASCIGUAL3.jpg\" alt=\"Segundo Congreso Internacional Sobre Masculinidades e Igualdad Educaci\u00f3n para la igualdad y Co(Educaci\u00f3n)\" title_text=\"CABECERA WEB CIMASCIGUAL3\" url=\"https:\/\/congresomasculinidades3.umh.es\/\" _builder_version=\"4.17.4\" global_colors_info=\"{}\"][\/et_pb_image][\/et_pb_column][\/et_pb_row][\/et_pb_section][et_pb_section fb_built=\"1\" fullwidth=\"on\" _builder_version=\"4.16\" global_colors_info=\"{}\"][et_pb_fullwidth_menu menu_id=\"7135\" fullwidth_menu=\"off\" active_link_color=\"#E76996\" _builder_version=\"4.16\" menu_font=\"|700||on|||||\" menu_text_color=\"#FFFFFF\" menu_font_size=\"14pt\" background_color=\"#3A3B3D\" text_orientation=\"center\" border_color_all=\"#E02B20\" global_colors_info=\"{}\" border_width_all__hover_enabled=\"off|hover\" menu_text_color__hover_enabled=\"on|hover\" menu_text_color__hover=\"#E76996\"][\/et_pb_fullwidth_menu][\/et_pb_section][et_pb_section fb_built=\"1\" admin_label=\"Secci\u00f3n\" _builder_version=\"4.16\" collapsed=\"off\" global_colors_info=\"{}\"][et_pb_row _builder_version=\"4.16\" global_colors_info=\"{}\"][et_pb_column type=\"4_4\" _builder_version=\"4.16\" global_colors_info=\"{}\"][et_pb_text _builder_version=\"4.17.4\" global_colors_info=\"{}\"]<\/p><h1 class=\"c7\" style=\"text-align: center;\"><strong><span class=\"c12\" style=\"color: #000000;\">PARTICIPACI\u00d3N<\/span><\/strong><\/h1><p class=\"c7 c5\">[\/et_pb_text][et_pb_text _builder_version=\"4.17.4\" global_colors_info=\"{}\"]<\/p><h2 class=\"c7\" style=\"text-align: center;\"><strong><span class=\"c4\" style=\"color: #000000;\">MODALIDADES DE PARTICIPACI\u00d3N<\/span><\/strong><\/h2><p><span style=\"color: #000000;\">\u00a0<\/span><\/p><p>\u00a0<\/p><p><strong>Ofrecemos diferentes modalidades de participaci\u00f3n en el congreso:<\/strong><\/p><ol><li>Presencial con presentaci\u00f3n de comunicaci\u00f3n<\/li><li>Virtual con presentaci\u00f3n de comunicaci\u00f3n<\/li><li>Presencial<\/li><li>Virtual<\/li><\/ol><p>\u00a0<\/p><p><strong>A.- ASISTENCIA PRESENCIAL (CON PRESENTACI\u00d3N DE COMUNICACI\u00d3N):<\/strong><\/p><ul><li>Acceso al Congreso.<\/li><li>Participaci\u00f3n en los debates.<\/li><li>Acceso a las actividades paralelas del evento acad\u00e9mico.<\/li><li>Acceso a materiales.<\/li><li>Acceso al contenido de todas las actividades paralelas en persona, incluyendo conversaciones en las pausas caf\u00e9s, la recepci\u00f3n y vino de honor, el baile, las actividades culturales, las rutas tur\u00edsticas guiadas por Elche, etc.<\/li><li>Diploma de asistencia (24 horas) y reconocimiento de 0,96 cr\u00e9ditos ECTS.<\/li><li>Diploma de presentaci\u00f3n de comunicaciones.<\/li><li>Publicaci\u00f3n de la comunicaci\u00f3n en el Libro de Actas con ISBN.<\/li><\/ul><p>\u00a0<\/p><p><strong>B.- ASISTENCIA VIRTUAL (CON PRESENTACI\u00d3N DE COMUNICACI\u00d3N):<\/strong><\/p><ul><li>Acceso al Congreso en directo v\u00eda online: discursos de bienvenida, conferencias, mesas redondas y sesiones cient\u00edficas.<\/li><li>Participaci\u00f3n en los debates a trav\u00e9s del chat de los canales de zoom.<\/li><li>Diploma de asistencia (24 horas) y reconocimiento de 0,96 cr\u00e9ditos ECTS.<\/li><li>Diploma de presentaci\u00f3n de comunicaciones.<\/li><li>Publicaci\u00f3n de la comunicaci\u00f3n en el Libro de Actas con ISBN.<\/li><\/ul><p>\u00a0<\/p><p><strong>C.- ASISTENCIA PRESENCIAL:<\/strong><\/p><ul><li>Acceso al Congreso.<\/li><li>Participaci\u00f3n en los debates.<\/li><li>Acceso a las actividades paralelas del evento acad\u00e9mico.<\/li><li>Acceso a materiales.<\/li><li>Acceso al contenido de todas las actividades paralelas en persona, incluyendo conversaciones en las pausas caf\u00e9s, la recepci\u00f3n y vino de honor, el baile, las actividades culturales, las rutas tur\u00edsticas guiadas por Elche, etc.<\/li><li>Diploma de asistencia (23 horas) y reconocimiento de 0,96 cr\u00e9ditos ECTS.<\/li><\/ul><p>\u00a0<\/p><p><strong>D.- ASISTENCIA VIRTUAL:<\/strong><\/p><ul><li>Acceso al Congreso en directo v\u00eda online: discursos de bienvenida, conferencias, mesas redondas y sesiones cient\u00edficas.<\/li><li>Participaci\u00f3n en los debates a trav\u00e9s del chat de los canales de zoom.<\/li><li>Diploma de asistencia (23 horas) y reconocimiento de 0,96 cr\u00e9ditos ECTS.<\/li><\/ul><p>\u00a0<\/p><p><strong>Nota:<\/strong><\/p><p>Para recibir el diploma de asistencia es necesario constatar que se ha asistido al menos al 85% del congreso. Se comprobar\u00e1 tanto la asistencia presencial como la virtual.<\/p><p>Para recibir el diploma de presentaci\u00f3n de comunicaciones, todos\/as los\/as autores\/as han de estar inscritos\/as en el congreso.<\/p><p>[\/et_pb_text][\/et_pb_column][\/et_pb_row][\/et_pb_section]<\/p>","_et_gb_content_width":"","_links_to":"","_links_to_target":""},"_links":{"self":[{"href":"https:\/\/congresomasculinidades3.umh.es\/en\/wp-json\/wp\/v2\/pages\/12839"}],"collection":[{"href":"https:\/\/congresomasculinidades3.umh.es\/en\/wp-json\/wp\/v2\/pages"}],"about":[{"href":"https:\/\/congresomasculinidades3.umh.es\/en\/wp-json\/wp\/v2\/types\/page"}],"author":[{"embeddable":true,"href":"https:\/\/congresomasculinidades3.umh.es\/en\/wp-json\/wp\/v2\/users\/3782"}],"replies":[{"embeddable":true,"href":"https:\/\/congresomasculinidades3.umh.es\/en\/wp-json\/wp\/v2\/comments?post=12839"}],"version-history":[{"count":0,"href":"https:\/\/congresomasculinidades3.umh.es\/en\/wp-json\/wp\/v2\/pages\/12839\/revisions"}],"wp:attachment":[{"href":"https:\/\/congresomasculinidades3.umh.es\/en\/wp-json\/wp\/v2\/media?parent=12839"}],"curies":[{"name":"wp","href":"https:\/\/api.w.org\/{rel}","templated":true}]}}